{"id":143,"date":"2019-09-16T10:07:55","date_gmt":"2019-09-16T09:07:55","guid":{"rendered":"http:\/\/www.fishingthefeed.com\/fishing-the-feed\/"},"modified":"2021-02-25T17:01:20","modified_gmt":"2021-02-25T17:01:20","slug":"futter-bei-die-fische","status":"publish","type":"page","link":"https:\/\/www.fishingthefeed.com\/de\/","title":{"rendered":"Wildfisch als Fischfutter in Aquakulturen"},"content":{"rendered":"","protected":false},"excerpt":{"rendered":"","protected":false},"author":1,"featured_media":0,"parent":0,"menu_order":0,"comment_status":"closed","ping_status":"closed","template":"","meta":{"_acf_changed":false,"footnotes":""},"class_list":["post-143","page","type-page","status-publish","hentry"],"acf":[],"yoast_head":"<!-- This site is optimized with the Yoast SEO plugin v27.5 - https:\/\/yoast.com\/product\/yoast-seo-wordpress\/ -->\n<title>Wildfisch als Fischfutter in Aquakulturen<\/title>\n<meta name=\"description\" content=\"Viele sehen in der Fischzucht eine L\u00f6sung im Kampf gegen die chronische \u00dcberfischung unserer Ozeane. Doch unter der Oberfl\u00e4che steckt eine der am wenigsten nachhaltigen Industriepraktiken der Welt\" \/>\n<meta name=\"robots\" content=\"index, follow, max-snippet:-1, max-image-preview:large, max-video-preview:-1\" \/>\n<link rel=\"canonical\" href=\"https:\/\/www.fishingthefeed.com\/de\/\" \/>\n<meta property=\"og:locale\" content=\"de_DE\" \/>\n<meta property=\"og:type\" content=\"article\" \/>\n<meta property=\"og:title\" content=\"Wildfisch als Fischfutter in Aquakulturen\" \/>\n<meta property=\"og:description\" content=\"Viele sehen in der Fischzucht eine L\u00f6sung im Kampf gegen die chronische \u00dcberfischung unserer Ozeane. Doch unter der Oberfl\u00e4che steckt eine der am wenigsten nachhaltigen Industriepraktiken der Welt\" \/>\n<meta property=\"og:url\" content=\"https:\/\/www.fishingthefeed.com\/de\/\" \/>\n<meta property=\"og:site_name\" content=\"Fishing the Feed\" \/>\n<meta property=\"article:modified_time\" content=\"2021-02-25T17:01:20+00:00\" \/>\n<meta property=\"og:image\" content=\"https:\/\/www.fishingthefeed.com\/wp-content\/uploads\/2021\/02\/Screen-Shot-2021-02-25-at-16.55.51.png\" \/>\n\t<meta property=\"og:image:width\" content=\"1256\" \/>\n\t<meta property=\"og:image:height\" content=\"704\" \/>\n\t<meta property=\"og:image:type\" content=\"image\/png\" \/>\n<meta name=\"twitter:card\" content=\"summary_large_image\" \/>\n<meta name=\"twitter:title\" content=\"Wildfisch als Fischfutter in Aquakulturen\" \/>\n<meta name=\"twitter:description\" content=\"Viele sehen in der Fischzucht eine L\u00f6sung im Kampf gegen die chronische \u00dcberfischung unserer Ozeane. Doch unter der Oberfl\u00e4che steckt eine der am wenigsten nachhaltigen Industriepraktiken der Welt\" \/>\n<meta name=\"twitter:image\" content=\"https:\/\/www.fishingthefeed.com\/wp-content\/uploads\/2021\/02\/Screen-Shot-2021-02-25-at-16.55.51.png\" \/>\n<script type=\"application\/ld+json\" class=\"yoast-schema-graph\">{\"@context\":\"https:\\\/\\\/schema.org\",\"@graph\":[{\"@type\":\"WebPage\",\"@id\":\"https:\\\/\\\/www.fishingthefeed.com\\\/de\\\/\",\"url\":\"https:\\\/\\\/www.fishingthefeed.com\\\/de\\\/\",\"name\":\"Wildfisch als Fischfutter in Aquakulturen\",\"isPartOf\":{\"@id\":\"https:\\\/\\\/www.fishingthefeed.com\\\/#website\"},\"datePublished\":\"2019-09-16T09:07:55+00:00\",\"dateModified\":\"2021-02-25T17:01:20+00:00\",\"description\":\"Viele sehen in der Fischzucht eine L\u00f6sung im Kampf gegen die chronische \u00dcberfischung unserer Ozeane. Doch unter der Oberfl\u00e4che steckt eine der am wenigsten nachhaltigen Industriepraktiken der Welt\",\"breadcrumb\":{\"@id\":\"https:\\\/\\\/www.fishingthefeed.com\\\/de\\\/#breadcrumb\"},\"inLanguage\":\"de\",\"potentialAction\":[{\"@type\":\"ReadAction\",\"target\":[\"https:\\\/\\\/www.fishingthefeed.com\\\/de\\\/\"]}]},{\"@type\":\"BreadcrumbList\",\"@id\":\"https:\\\/\\\/www.fishingthefeed.com\\\/de\\\/#breadcrumb\",\"itemListElement\":[{\"@type\":\"ListItem\",\"position\":1,\"name\":\"Home\",\"item\":\"https:\\\/\\\/www.fishingthefeed.com\\\/de\\\/\"},{\"@type\":\"ListItem\",\"position\":2,\"name\":\"Wildfisch als Fischfutter in Aquakulturen\"}]},{\"@type\":\"WebSite\",\"@id\":\"https:\\\/\\\/www.fishingthefeed.com\\\/#website\",\"url\":\"https:\\\/\\\/www.fishingthefeed.com\\\/\",\"name\":\"Fishing the Feed\",\"description\":\"Changing Markets\",\"potentialAction\":[{\"@type\":\"SearchAction\",\"target\":{\"@type\":\"EntryPoint\",\"urlTemplate\":\"https:\\\/\\\/www.fishingthefeed.com\\\/?s={search_term_string}\"},\"query-input\":{\"@type\":\"PropertyValueSpecification\",\"valueRequired\":true,\"valueName\":\"search_term_string\"}}],\"inLanguage\":\"de\"}]}<\/script>\n<!-- \/ Yoast SEO plugin. -->","yoast_head_json":{"title":"Wildfisch als Fischfutter in Aquakulturen","description":"Viele sehen in der Fischzucht eine L\u00f6sung im Kampf gegen die chronische \u00dcberfischung unserer Ozeane. Doch unter der Oberfl\u00e4che steckt eine der am wenigsten nachhaltigen Industriepraktiken der Welt","robots":{"index":"index","follow":"follow","max-snippet":"max-snippet:-1","max-image-preview":"max-image-preview:large","max-video-preview":"max-video-preview:-1"},"canonical":"https:\/\/www.fishingthefeed.com\/de\/","og_locale":"de_DE","og_type":"article","og_title":"Wildfisch als Fischfutter in Aquakulturen","og_description":"Viele sehen in der Fischzucht eine L\u00f6sung im Kampf gegen die chronische \u00dcberfischung unserer Ozeane. Doch unter der Oberfl\u00e4che steckt eine der am wenigsten nachhaltigen Industriepraktiken der Welt","og_url":"https:\/\/www.fishingthefeed.com\/de\/","og_site_name":"Fishing the Feed","article_modified_time":"2021-02-25T17:01:20+00:00","og_image":[{"width":1256,"height":704,"url":"https:\/\/www.fishingthefeed.com\/wp-content\/uploads\/2021\/02\/Screen-Shot-2021-02-25-at-16.55.51.png","type":"image\/png"}],"twitter_card":"summary_large_image","twitter_title":"Wildfisch als Fischfutter in Aquakulturen","twitter_description":"Viele sehen in der Fischzucht eine L\u00f6sung im Kampf gegen die chronische \u00dcberfischung unserer Ozeane. Doch unter der Oberfl\u00e4che steckt eine der am wenigsten nachhaltigen Industriepraktiken der Welt","twitter_image":"https:\/\/www.fishingthefeed.com\/wp-content\/uploads\/2021\/02\/Screen-Shot-2021-02-25-at-16.55.51.png","schema":{"@context":"https:\/\/schema.org","@graph":[{"@type":"WebPage","@id":"https:\/\/www.fishingthefeed.com\/de\/","url":"https:\/\/www.fishingthefeed.com\/de\/","name":"Wildfisch als Fischfutter in Aquakulturen","isPartOf":{"@id":"https:\/\/www.fishingthefeed.com\/#website"},"datePublished":"2019-09-16T09:07:55+00:00","dateModified":"2021-02-25T17:01:20+00:00","description":"Viele sehen in der Fischzucht eine L\u00f6sung im Kampf gegen die chronische \u00dcberfischung unserer Ozeane. Doch unter der Oberfl\u00e4che steckt eine der am wenigsten nachhaltigen Industriepraktiken der Welt","breadcrumb":{"@id":"https:\/\/www.fishingthefeed.com\/de\/#breadcrumb"},"inLanguage":"de","potentialAction":[{"@type":"ReadAction","target":["https:\/\/www.fishingthefeed.com\/de\/"]}]},{"@type":"BreadcrumbList","@id":"https:\/\/www.fishingthefeed.com\/de\/#breadcrumb","itemListElement":[{"@type":"ListItem","position":1,"name":"Home","item":"https:\/\/www.fishingthefeed.com\/de\/"},{"@type":"ListItem","position":2,"name":"Wildfisch als Fischfutter in Aquakulturen"}]},{"@type":"WebSite","@id":"https:\/\/www.fishingthefeed.com\/#website","url":"https:\/\/www.fishingthefeed.com\/","name":"Fishing the Feed","description":"Changing Markets","potentialAction":[{"@type":"SearchAction","target":{"@type":"EntryPoint","urlTemplate":"https:\/\/www.fishingthefeed.com\/?s={search_term_string}"},"query-input":{"@type":"PropertyValueSpecification","valueRequired":true,"valueName":"search_term_string"}}],"inLanguage":"de"}]}},"_links":{"self":[{"href":"https:\/\/www.fishingthefeed.com\/de\/wp-json\/wp\/v2\/pages\/143","targetHints":{"allow":["GET"]}}],"collection":[{"href":"https:\/\/www.fishingthefeed.com\/de\/wp-json\/wp\/v2\/pages"}],"about":[{"href":"https:\/\/www.fishingthefeed.com\/de\/wp-json\/wp\/v2\/types\/page"}],"author":[{"embeddable":true,"href":"https:\/\/www.fishingthefeed.com\/de\/wp-json\/wp\/v2\/users\/1"}],"replies":[{"embeddable":true,"href":"https:\/\/www.fishingthefeed.com\/de\/wp-json\/wp\/v2\/comments?post=143"}],"version-history":[{"count":3,"href":"https:\/\/www.fishingthefeed.com\/de\/wp-json\/wp\/v2\/pages\/143\/revisions"}],"predecessor-version":[{"id":194,"href":"https:\/\/www.fishingthefeed.com\/de\/wp-json\/wp\/v2\/pages\/143\/revisions\/194"}],"wp:attachment":[{"href":"https:\/\/www.fishingthefeed.com\/de\/wp-json\/wp\/v2\/media?parent=143"}],"curies":[{"name":"wp","href":"https:\/\/api.w.org\/{rel}","templated":true}]}}