{"id":195,"date":"2019-09-16T10:07:55","date_gmt":"2019-09-16T09:07:55","guid":{"rendered":"http:\/\/www.fishingthefeed.com\/fishing-the-feed\/"},"modified":"2020-12-15T13:30:04","modified_gmt":"2020-12-15T13:30:04","slug":"fishing-the-feed","status":"publish","type":"page","link":"https:\/\/www.fishingthefeed.com\/es\/","title":{"rendered":"P\u00e1gina principal"},"content":{"rendered":"","protected":false},"excerpt":{"rendered":"","protected":false},"author":2,"featured_media":0,"parent":0,"menu_order":0,"comment_status":"closed","ping_status":"closed","template":"","meta":{"_acf_changed":false,"footnotes":""},"class_list":["post-195","page","type-page","status-publish","hentry"],"acf":[],"yoast_head":"<!-- This site is optimized with the Yoast SEO plugin v27.3 - https:\/\/yoast.com\/product\/yoast-seo-wordpress\/ -->\n<title>Fishing the Feed<\/title>\n<meta name=\"description\" content=\"El salm\u00f3n de acuicultura que est\u00e1 en tu plato esconde un sucio secreto. Es alimentado con miles de millones de peces capturados en los oc\u00e9anos, lo cual destruye las poblaciones, desestabiliza los ecosistemas marinos y priva de alimento a muchas comunidades locales\" \/>\n<meta name=\"robots\" content=\"index, follow, max-snippet:-1, max-image-preview:large, max-video-preview:-1\" \/>\n<link rel=\"canonical\" href=\"https:\/\/www.fishingthefeed.com\/es\/\" \/>\n<meta property=\"og:locale\" content=\"es_ES\" \/>\n<meta property=\"og:type\" content=\"article\" \/>\n<meta property=\"og:title\" content=\"Fishing the feed\" \/>\n<meta property=\"og:description\" content=\"El salm\u00f3n de acuicultura que est\u00e1 en tu plato esconde un sucio secreto. Es alimentado con miles de millones de peces capturados en los oc\u00e9anos, lo cual destruye las poblaciones, desestabiliza los ecosistemas marinos y priva de alimento a muchas comunidades locales.\" \/>\n<meta property=\"og:url\" content=\"https:\/\/www.fishingthefeed.com\/es\/\" \/>\n<meta property=\"og:site_name\" content=\"Fishing the Feed\" \/>\n<meta property=\"article:modified_time\" content=\"2020-12-15T13:30:04+00:00\" \/>\n<meta property=\"og:image\" content=\"https:\/\/www.fishingthefeed.com\/wp-content\/uploads\/2020\/12\/CM_Fishing-the-Feed_ES-Homepage-1024x517.png\" \/>\n\t<meta property=\"og:image:width\" content=\"1024\" \/>\n\t<meta property=\"og:image:height\" content=\"517\" \/>\n\t<meta property=\"og:image:type\" content=\"image\/png\" \/>\n<meta name=\"twitter:card\" content=\"summary_large_image\" \/>\n<meta name=\"twitter:title\" content=\"Fishing the feed\" \/>\n<meta name=\"twitter:description\" content=\"El salm\u00f3n de acuicultura que est\u00e1 en tu plato esconde un sucio secreto. Es alimentado con miles de millones de peces capturados en los oc\u00e9anos, lo cual destruye las poblaciones, desestabiliza los ecosistemas marinos y priva de alimento a muchas comunidades locales.\" \/>\n<meta name=\"twitter:image\" content=\"https:\/\/www.fishingthefeed.com\/wp-content\/uploads\/2020\/12\/CM_Fishing-the-Feed_ES-Homepage.png\" \/>\n<script type=\"application\/ld+json\" class=\"yoast-schema-graph\">{\"@context\":\"https:\\\/\\\/schema.org\",\"@graph\":[{\"@type\":\"WebPage\",\"@id\":\"https:\\\/\\\/www.fishingthefeed.com\\\/es\\\/\",\"url\":\"https:\\\/\\\/www.fishingthefeed.com\\\/es\\\/\",\"name\":\"Fishing the Feed\",\"isPartOf\":{\"@id\":\"https:\\\/\\\/www.fishingthefeed.com\\\/#website\"},\"datePublished\":\"2019-09-16T09:07:55+00:00\",\"dateModified\":\"2020-12-15T13:30:04+00:00\",\"description\":\"El salm\u00f3n de acuicultura que est\u00e1 en tu plato esconde un sucio secreto. Es alimentado con miles de millones de peces capturados en los oc\u00e9anos, lo cual destruye las poblaciones, desestabiliza los ecosistemas marinos y priva de alimento a muchas comunidades locales\",\"breadcrumb\":{\"@id\":\"https:\\\/\\\/www.fishingthefeed.com\\\/es\\\/#breadcrumb\"},\"inLanguage\":\"es\",\"potentialAction\":[{\"@type\":\"ReadAction\",\"target\":[\"https:\\\/\\\/www.fishingthefeed.com\\\/es\\\/\"]}]},{\"@type\":\"BreadcrumbList\",\"@id\":\"https:\\\/\\\/www.fishingthefeed.com\\\/es\\\/#breadcrumb\",\"itemListElement\":[{\"@type\":\"ListItem\",\"position\":1,\"name\":\"Home\",\"item\":\"https:\\\/\\\/www.fishingthefeed.com\\\/es\\\/\"},{\"@type\":\"ListItem\",\"position\":2,\"name\":\"P\u00e1gina principal\"}]},{\"@type\":\"WebSite\",\"@id\":\"https:\\\/\\\/www.fishingthefeed.com\\\/#website\",\"url\":\"https:\\\/\\\/www.fishingthefeed.com\\\/\",\"name\":\"Fishing the Feed\",\"description\":\"Changing Markets\",\"potentialAction\":[{\"@type\":\"SearchAction\",\"target\":{\"@type\":\"EntryPoint\",\"urlTemplate\":\"https:\\\/\\\/www.fishingthefeed.com\\\/?s={search_term_string}\"},\"query-input\":{\"@type\":\"PropertyValueSpecification\",\"valueRequired\":true,\"valueName\":\"search_term_string\"}}],\"inLanguage\":\"es\"}]}<\/script>\n<!-- \/ Yoast SEO plugin. -->","yoast_head_json":{"title":"Fishing the Feed","description":"El salm\u00f3n de acuicultura que est\u00e1 en tu plato esconde un sucio secreto. Es alimentado con miles de millones de peces capturados en los oc\u00e9anos, lo cual destruye las poblaciones, desestabiliza los ecosistemas marinos y priva de alimento a muchas comunidades locales","robots":{"index":"index","follow":"follow","max-snippet":"max-snippet:-1","max-image-preview":"max-image-preview:large","max-video-preview":"max-video-preview:-1"},"canonical":"https:\/\/www.fishingthefeed.com\/es\/","og_locale":"es_ES","og_type":"article","og_title":"Fishing the feed","og_description":"El salm\u00f3n de acuicultura que est\u00e1 en tu plato esconde un sucio secreto. Es alimentado con miles de millones de peces capturados en los oc\u00e9anos, lo cual destruye las poblaciones, desestabiliza los ecosistemas marinos y priva de alimento a muchas comunidades locales.","og_url":"https:\/\/www.fishingthefeed.com\/es\/","og_site_name":"Fishing the Feed","article_modified_time":"2020-12-15T13:30:04+00:00","og_image":[{"width":1024,"height":517,"url":"https:\/\/www.fishingthefeed.com\/wp-content\/uploads\/2020\/12\/CM_Fishing-the-Feed_ES-Homepage-1024x517.png","type":"image\/png"}],"twitter_card":"summary_large_image","twitter_title":"Fishing the feed","twitter_description":"El salm\u00f3n de acuicultura que est\u00e1 en tu plato esconde un sucio secreto. Es alimentado con miles de millones de peces capturados en los oc\u00e9anos, lo cual destruye las poblaciones, desestabiliza los ecosistemas marinos y priva de alimento a muchas comunidades locales.","twitter_image":"https:\/\/www.fishingthefeed.com\/wp-content\/uploads\/2020\/12\/CM_Fishing-the-Feed_ES-Homepage.png","schema":{"@context":"https:\/\/schema.org","@graph":[{"@type":"WebPage","@id":"https:\/\/www.fishingthefeed.com\/es\/","url":"https:\/\/www.fishingthefeed.com\/es\/","name":"Fishing the Feed","isPartOf":{"@id":"https:\/\/www.fishingthefeed.com\/#website"},"datePublished":"2019-09-16T09:07:55+00:00","dateModified":"2020-12-15T13:30:04+00:00","description":"El salm\u00f3n de acuicultura que est\u00e1 en tu plato esconde un sucio secreto. Es alimentado con miles de millones de peces capturados en los oc\u00e9anos, lo cual destruye las poblaciones, desestabiliza los ecosistemas marinos y priva de alimento a muchas comunidades locales","breadcrumb":{"@id":"https:\/\/www.fishingthefeed.com\/es\/#breadcrumb"},"inLanguage":"es","potentialAction":[{"@type":"ReadAction","target":["https:\/\/www.fishingthefeed.com\/es\/"]}]},{"@type":"BreadcrumbList","@id":"https:\/\/www.fishingthefeed.com\/es\/#breadcrumb","itemListElement":[{"@type":"ListItem","position":1,"name":"Home","item":"https:\/\/www.fishingthefeed.com\/es\/"},{"@type":"ListItem","position":2,"name":"P\u00e1gina principal"}]},{"@type":"WebSite","@id":"https:\/\/www.fishingthefeed.com\/#website","url":"https:\/\/www.fishingthefeed.com\/","name":"Fishing the Feed","description":"Changing Markets","potentialAction":[{"@type":"SearchAction","target":{"@type":"EntryPoint","urlTemplate":"https:\/\/www.fishingthefeed.com\/?s={search_term_string}"},"query-input":{"@type":"PropertyValueSpecification","valueRequired":true,"valueName":"search_term_string"}}],"inLanguage":"es"}]}},"_links":{"self":[{"href":"https:\/\/www.fishingthefeed.com\/es\/wp-json\/wp\/v2\/pages\/195","targetHints":{"allow":["GET"]}}],"collection":[{"href":"https:\/\/www.fishingthefeed.com\/es\/wp-json\/wp\/v2\/pages"}],"about":[{"href":"https:\/\/www.fishingthefeed.com\/es\/wp-json\/wp\/v2\/types\/page"}],"author":[{"embeddable":true,"href":"https:\/\/www.fishingthefeed.com\/es\/wp-json\/wp\/v2\/users\/2"}],"replies":[{"embeddable":true,"href":"https:\/\/www.fishingthefeed.com\/es\/wp-json\/wp\/v2\/comments?post=195"}],"version-history":[{"count":2,"href":"https:\/\/www.fishingthefeed.com\/es\/wp-json\/wp\/v2\/pages\/195\/revisions"}],"predecessor-version":[{"id":207,"href":"https:\/\/www.fishingthefeed.com\/es\/wp-json\/wp\/v2\/pages\/195\/revisions\/207"}],"wp:attachment":[{"href":"https:\/\/www.fishingthefeed.com\/es\/wp-json\/wp\/v2\/media?parent=195"}],"curies":[{"name":"wp","href":"https:\/\/api.w.org\/{rel}","templated":true}]}}