{"id":198,"date":"2020-03-18T17:22:03","date_gmt":"2020-03-18T17:22:03","guid":{"rendered":"http:\/\/www.fishingthefeed.com\/supermarket-scorecard\/"},"modified":"2021-05-12T13:24:59","modified_gmt":"2021-05-12T12:24:59","slug":"sistema-de-puntuacion-de-supermercados","status":"publish","type":"page","link":"https:\/\/www.fishingthefeed.com\/es\/sistema-de-puntuacion-de-supermercados\/","title":{"rendered":"Atrapados: Sistema de puntuaci\u00f3n de supermercados"},"content":{"rendered":"","protected":false},"excerpt":{"rendered":"","protected":false},"author":2,"featured_media":0,"parent":0,"menu_order":0,"comment_status":"closed","ping_status":"closed","template":"supermarket-scorecard.php","meta":{"_acf_changed":false,"footnotes":""},"class_list":["post-198","page","type-page","status-publish","hentry"],"acf":[],"yoast_head":"<!-- This site is optimized with the Yoast SEO plugin v27.3 - https:\/\/yoast.com\/product\/yoast-seo-wordpress\/ -->\n<title>Atrapados: Sistema de puntuaci\u00f3n de supermercados - Fishing the Feed<\/title>\n<meta name=\"description\" content=\"Clasificaci\u00f3n de los supermercados en funci\u00f3n de sus esfuerzos para abordar la cuesti\u00f3n del empleo de pescado salvaje en su cadena de suministro acu\u00edcola\" \/>\n<meta name=\"robots\" content=\"index, follow, max-snippet:-1, max-image-preview:large, max-video-preview:-1\" \/>\n<link rel=\"canonical\" href=\"https:\/\/www.fishingthefeed.com\/es\/sistema-de-puntuacion-de-supermercados\/\" \/>\n<meta property=\"og:locale\" content=\"es_ES\" \/>\n<meta property=\"og:type\" content=\"article\" \/>\n<meta property=\"og:title\" content=\"Atrapados: Sistema de puntuaci\u00f3n de supermercados - Fishing the Feed\" \/>\n<meta property=\"og:description\" content=\"Clasificaci\u00f3n de los supermercados en funci\u00f3n de sus esfuerzos para abordar la cuesti\u00f3n del empleo de pescado salvaje en su cadena de suministro acu\u00edcola\" \/>\n<meta property=\"og:url\" content=\"https:\/\/www.fishingthefeed.com\/es\/sistema-de-puntuacion-de-supermercados\/\" \/>\n<meta property=\"og:site_name\" content=\"Fishing the Feed\" \/>\n<meta property=\"article:modified_time\" content=\"2021-05-12T12:24:59+00:00\" \/>\n<meta property=\"og:image\" content=\"https:\/\/www.fishingthefeed.com\/wp-content\/uploads\/2020\/12\/CM_Fishing-the-Feed_ES-Homepage-1024x517.png\" \/>\n\t<meta property=\"og:image:width\" content=\"1024\" \/>\n\t<meta property=\"og:image:height\" content=\"517\" \/>\n\t<meta property=\"og:image:type\" content=\"image\/png\" \/>\n<meta name=\"twitter:card\" content=\"summary_large_image\" \/>\n<meta name=\"twitter:image\" content=\"https:\/\/www.fishingthefeed.com\/wp-content\/uploads\/2020\/12\/CM_Fishing-the-Feed_ES-Homepage.png\" \/>\n<script type=\"application\/ld+json\" class=\"yoast-schema-graph\">{\"@context\":\"https:\\\/\\\/schema.org\",\"@graph\":[{\"@type\":\"WebPage\",\"@id\":\"https:\\\/\\\/www.fishingthefeed.com\\\/es\\\/sistema-de-puntuacion-de-supermercados\\\/\",\"url\":\"https:\\\/\\\/www.fishingthefeed.com\\\/es\\\/sistema-de-puntuacion-de-supermercados\\\/\",\"name\":\"Atrapados: Sistema de puntuaci\u00f3n de supermercados - Fishing the Feed\",\"isPartOf\":{\"@id\":\"https:\\\/\\\/www.fishingthefeed.com\\\/#website\"},\"datePublished\":\"2020-03-18T17:22:03+00:00\",\"dateModified\":\"2021-05-12T12:24:59+00:00\",\"description\":\"Clasificaci\u00f3n de los supermercados en funci\u00f3n de sus esfuerzos para abordar la cuesti\u00f3n del empleo de pescado salvaje en su cadena de suministro acu\u00edcola\",\"breadcrumb\":{\"@id\":\"https:\\\/\\\/www.fishingthefeed.com\\\/es\\\/sistema-de-puntuacion-de-supermercados\\\/#breadcrumb\"},\"inLanguage\":\"es\",\"potentialAction\":[{\"@type\":\"ReadAction\",\"target\":[\"https:\\\/\\\/www.fishingthefeed.com\\\/es\\\/sistema-de-puntuacion-de-supermercados\\\/\"]}]},{\"@type\":\"BreadcrumbList\",\"@id\":\"https:\\\/\\\/www.fishingthefeed.com\\\/es\\\/sistema-de-puntuacion-de-supermercados\\\/#breadcrumb\",\"itemListElement\":[{\"@type\":\"ListItem\",\"position\":1,\"name\":\"Home\",\"item\":\"https:\\\/\\\/www.fishingthefeed.com\\\/es\\\/\"},{\"@type\":\"ListItem\",\"position\":2,\"name\":\"Atrapados: Sistema de puntuaci\u00f3n de supermercados\"}]},{\"@type\":\"WebSite\",\"@id\":\"https:\\\/\\\/www.fishingthefeed.com\\\/#website\",\"url\":\"https:\\\/\\\/www.fishingthefeed.com\\\/\",\"name\":\"Fishing the Feed\",\"description\":\"Changing Markets\",\"potentialAction\":[{\"@type\":\"SearchAction\",\"target\":{\"@type\":\"EntryPoint\",\"urlTemplate\":\"https:\\\/\\\/www.fishingthefeed.com\\\/?s={search_term_string}\"},\"query-input\":{\"@type\":\"PropertyValueSpecification\",\"valueRequired\":true,\"valueName\":\"search_term_string\"}}],\"inLanguage\":\"es\"}]}<\/script>\n<!-- \/ Yoast SEO plugin. -->","yoast_head_json":{"title":"Atrapados: Sistema de puntuaci\u00f3n de supermercados - Fishing the Feed","description":"Clasificaci\u00f3n de los supermercados en funci\u00f3n de sus esfuerzos para abordar la cuesti\u00f3n del empleo de pescado salvaje en su cadena de suministro acu\u00edcola","robots":{"index":"index","follow":"follow","max-snippet":"max-snippet:-1","max-image-preview":"max-image-preview:large","max-video-preview":"max-video-preview:-1"},"canonical":"https:\/\/www.fishingthefeed.com\/es\/sistema-de-puntuacion-de-supermercados\/","og_locale":"es_ES","og_type":"article","og_title":"Atrapados: Sistema de puntuaci\u00f3n de supermercados - Fishing the Feed","og_description":"Clasificaci\u00f3n de los supermercados en funci\u00f3n de sus esfuerzos para abordar la cuesti\u00f3n del empleo de pescado salvaje en su cadena de suministro acu\u00edcola","og_url":"https:\/\/www.fishingthefeed.com\/es\/sistema-de-puntuacion-de-supermercados\/","og_site_name":"Fishing the Feed","article_modified_time":"2021-05-12T12:24:59+00:00","og_image":[{"width":1024,"height":517,"url":"https:\/\/www.fishingthefeed.com\/wp-content\/uploads\/2020\/12\/CM_Fishing-the-Feed_ES-Homepage-1024x517.png","type":"image\/png"}],"twitter_card":"summary_large_image","twitter_image":"https:\/\/www.fishingthefeed.com\/wp-content\/uploads\/2020\/12\/CM_Fishing-the-Feed_ES-Homepage.png","schema":{"@context":"https:\/\/schema.org","@graph":[{"@type":"WebPage","@id":"https:\/\/www.fishingthefeed.com\/es\/sistema-de-puntuacion-de-supermercados\/","url":"https:\/\/www.fishingthefeed.com\/es\/sistema-de-puntuacion-de-supermercados\/","name":"Atrapados: Sistema de puntuaci\u00f3n de supermercados - Fishing the Feed","isPartOf":{"@id":"https:\/\/www.fishingthefeed.com\/#website"},"datePublished":"2020-03-18T17:22:03+00:00","dateModified":"2021-05-12T12:24:59+00:00","description":"Clasificaci\u00f3n de los supermercados en funci\u00f3n de sus esfuerzos para abordar la cuesti\u00f3n del empleo de pescado salvaje en su cadena de suministro acu\u00edcola","breadcrumb":{"@id":"https:\/\/www.fishingthefeed.com\/es\/sistema-de-puntuacion-de-supermercados\/#breadcrumb"},"inLanguage":"es","potentialAction":[{"@type":"ReadAction","target":["https:\/\/www.fishingthefeed.com\/es\/sistema-de-puntuacion-de-supermercados\/"]}]},{"@type":"BreadcrumbList","@id":"https:\/\/www.fishingthefeed.com\/es\/sistema-de-puntuacion-de-supermercados\/#breadcrumb","itemListElement":[{"@type":"ListItem","position":1,"name":"Home","item":"https:\/\/www.fishingthefeed.com\/es\/"},{"@type":"ListItem","position":2,"name":"Atrapados: Sistema de puntuaci\u00f3n de supermercados"}]},{"@type":"WebSite","@id":"https:\/\/www.fishingthefeed.com\/#website","url":"https:\/\/www.fishingthefeed.com\/","name":"Fishing the Feed","description":"Changing Markets","potentialAction":[{"@type":"SearchAction","target":{"@type":"EntryPoint","urlTemplate":"https:\/\/www.fishingthefeed.com\/?s={search_term_string}"},"query-input":{"@type":"PropertyValueSpecification","valueRequired":true,"valueName":"search_term_string"}}],"inLanguage":"es"}]}},"_links":{"self":[{"href":"https:\/\/www.fishingthefeed.com\/es\/wp-json\/wp\/v2\/pages\/198","targetHints":{"allow":["GET"]}}],"collection":[{"href":"https:\/\/www.fishingthefeed.com\/es\/wp-json\/wp\/v2\/pages"}],"about":[{"href":"https:\/\/www.fishingthefeed.com\/es\/wp-json\/wp\/v2\/types\/page"}],"author":[{"embeddable":true,"href":"https:\/\/www.fishingthefeed.com\/es\/wp-json\/wp\/v2\/users\/2"}],"replies":[{"embeddable":true,"href":"https:\/\/www.fishingthefeed.com\/es\/wp-json\/wp\/v2\/comments?post=198"}],"version-history":[{"count":7,"href":"https:\/\/www.fishingthefeed.com\/es\/wp-json\/wp\/v2\/pages\/198\/revisions"}],"predecessor-version":[{"id":484,"href":"https:\/\/www.fishingthefeed.com\/es\/wp-json\/wp\/v2\/pages\/198\/revisions\/484"}],"wp:attachment":[{"href":"https:\/\/www.fishingthefeed.com\/es\/wp-json\/wp\/v2\/media?parent=198"}],"curies":[{"name":"wp","href":"https:\/\/api.w.org\/{rel}","templated":true}]}}